{"id":8778,"date":"2024-01-16T12:50:46","date_gmt":"2024-01-16T11:50:46","guid":{"rendered":"https:\/\/qscanner.nl\/reizen-workshops\/"},"modified":"2025-08-12T15:31:00","modified_gmt":"2025-08-12T13:31:00","slug":"reisen-workshops","status":"publish","type":"page","link":"https:\/\/phi-taal-zijn.eu\/de\/reisen-workshops\/","title":{"rendered":"Reisen\/Workshops"},"content":{"rendered":"<section class=\"l-section wpb_row height_small\"><div class=\"l-section-h i-cf\"><div class=\"g-cols vc_row via_grid cols_1-2 laptops-cols_inherit tablets-cols_inherit mobiles-cols_1 valign_top type_default stacking_default\"><div class=\"wpb_column vc_column_container\"><div class=\"vc_column-inner\"><nav class=\"w-menu layout_ver style_blocks us_menu_1\" style=\"--main-gap:1.1rem;--main-ver-indent:0.8em;--main-hor-indent:0.8em;--main-bg-color:#ed008c;--main-color:#fffcff;\"><ul id=\"menu-reizen-workshops\" class=\"menu\"><li id=\"menu-item-8708\" class=\"menu-item menu-item-type-post_type menu-item-object-page menu-item-8708\"><a href=\"https:\/\/phi-taal-zijn.eu\/reizen-workshops\/\">Reisen\/Workshops<\/a><\/li><\/ul><style>@media ( max-width:600px ){.us_menu_1 .menu{display:block!important}.us_menu_1 .menu>li:not(:last-child){margin:0 0 var(--main-gap,1.1rem)!important}}<\/style><\/nav><\/div><\/div><div class=\"wpb_column vc_column_container\"><div class=\"vc_column-inner\"><div class=\"wpb_text_column\"><div class=\"wpb_wrapper\"><p data-start=\"50\" data-end=\"87\"><strong data-start=\"50\" data-end=\"85\">Das Leben erleben und genie\u00dfen.<\/strong><\/p>\n<p data-start=\"89\" data-end=\"145\">Das ist m\u00f6glich in den Niederlanden und in \u00d6sterreich.<\/p>\n<p data-start=\"147\" data-end=\"438\">\u2013 Ganz einfach <em data-start=\"162\" data-end=\"168\">Sein<\/em> \u2026 an einem Ort, wo Ruhe und Weite herrschen.<br data-start=\"213\" data-end=\"216\" \/>\u2013 Die \u201eGeschenke\u201c des Lebens auspacken \u2013 aus der Verbindung mit dem Anderen.<br data-start=\"292\" data-end=\"295\" \/>\u2013 Die Stille in dir sp\u00fcren. Quelle, aus der Transformation\/Ver\u00e4nderung geschieht.<br data-start=\"376\" data-end=\"379\" \/>\u2013 Die Kraft des F\u00fchlens erkennen \u2013 anstelle des Denkens \u2026<\/p>\n<p data-start=\"440\" data-end=\"571\">Gerne begegnen wir uns w\u00e4hrend der BE-Erlebnisreise in den Niederlanden oder in \u00d6sterreich.<br data-start=\"531\" data-end=\"534\" \/>Mehr dazu unter dem Reiter nebenan.<\/p>\n<p data-start=\"573\" data-end=\"635\">Das Leben ist Musik und Schwingung \u2013 und wir schwingen mit \u2026<\/p>\n<p data-start=\"637\" data-end=\"664\"><strong data-start=\"637\" data-end=\"662\">Der Tanz des Lebens \u2026<\/strong><\/p>\n<\/div><\/div><\/div><\/div><\/div><\/div><\/section>\n","protected":false},"excerpt":{"rendered":"Reisen\/WorkshopsDas Leben erleben und genie\u00dfen. Das ist m\u00f6glich in den Niederlanden und in \u00d6sterreich. \u2013 Ganz einfach Sein \u2026 an einem Ort, wo Ruhe und Weite herrschen.\u2013 Die \u201eGeschenke\u201c des Lebens auspacken \u2013 aus der Verbindung mit dem Anderen.\u2013 Die Stille in dir sp\u00fcren. Quelle, aus der Transformation\/Ver\u00e4nderung geschieht.\u2013 Die Kraft des F\u00fchlens erkennen \u2013...","protected":false},"author":1,"featured_media":0,"parent":0,"menu_order":0,"comment_status":"closed","ping_status":"closed","template":"","meta":{"footnotes":""},"class_list":["post-8778","page","type-page","status-publish","hentry"],"_links":{"self":[{"href":"https:\/\/phi-taal-zijn.eu\/de\/wp-json\/wp\/v2\/pages\/8778","targetHints":{"allow":["GET"]}}],"collection":[{"href":"https:\/\/phi-taal-zijn.eu\/de\/wp-json\/wp\/v2\/pages"}],"about":[{"href":"https:\/\/phi-taal-zijn.eu\/de\/wp-json\/wp\/v2\/types\/page"}],"author":[{"embeddable":true,"href":"https:\/\/phi-taal-zijn.eu\/de\/wp-json\/wp\/v2\/users\/1"}],"replies":[{"embeddable":true,"href":"https:\/\/phi-taal-zijn.eu\/de\/wp-json\/wp\/v2\/comments?post=8778"}],"version-history":[{"count":7,"href":"https:\/\/phi-taal-zijn.eu\/de\/wp-json\/wp\/v2\/pages\/8778\/revisions"}],"predecessor-version":[{"id":8785,"href":"https:\/\/phi-taal-zijn.eu\/de\/wp-json\/wp\/v2\/pages\/8778\/revisions\/8785"}],"wp:attachment":[{"href":"https:\/\/phi-taal-zijn.eu\/de\/wp-json\/wp\/v2\/media?parent=8778"}],"curies":[{"name":"wp","href":"https:\/\/api.w.org\/{rel}","templated":true}]}}