{"id":8745,"date":"2019-05-10T14:40:15","date_gmt":"2019-05-10T12:40:15","guid":{"rendered":"https:\/\/qscanner.nl\/home\/"},"modified":"2025-08-21T11:20:14","modified_gmt":"2025-08-21T09:20:14","slug":"home","status":"publish","type":"page","link":"https:\/\/phi-taal-zijn.eu\/de\/","title":{"rendered":"Home"},"content":{"rendered":"<section class=\"l-section wpb_row height_small with_slider\"><div class=\"l-section-slider\"><div class=\"w-slider style_none fit_cover nav_none count_3\"><div class=\"w-slider-h\" aria-hidden=\"true\"><div class=\"royalSlider\"><div class=\"rsContent\"><a class=\"rsImg\" data-rsw=\"2048\" data-rsh=\"1151\" href=\"https:\/\/phi-taal-zijn.eu\/wp-content\/uploads\/2024\/01\/Sunflowers.jpg\"><span data-alt=\"\"><\/span><\/a><\/div><div class=\"rsContent\"><a class=\"rsImg\" data-rsw=\"1500\" data-rsh=\"800\" href=\"https:\/\/phi-taal-zijn.eu\/wp-content\/uploads\/2024\/01\/hommel-1.jpg\"><span data-alt=\"\"><\/span><\/a><\/div><div class=\"rsContent\"><a class=\"rsImg\" data-rsw=\"1875\" data-rsh=\"1073\" href=\"https:\/\/phi-taal-zijn.eu\/wp-content\/uploads\/2024\/01\/slakhuis.jpg\"><span data-alt=\"\"><\/span><\/a><\/div><\/div><img decoding=\"async\" src=\"https:\/\/phi-taal-zijn.eu\/wp-content\/uploads\/2024\/01\/Sunflowers.jpg\" width=\"2048\" height=\"1151\" alt loading=\"lazy\"><\/div><div class=\"w-slider-json\" onclick='return {&quot;autoScaleSlider&quot;:true,&quot;addActiveClass&quot;:true,&quot;loop&quot;:true,&quot;fadeInLoadedSlide&quot;:false,&quot;slidesSpacing&quot;:0,&quot;imageScalePadding&quot;:0,&quot;numImagesToPreload&quot;:2,&quot;arrowsNav&quot;:false,&quot;arrowsNavAutoHide&quot;:false,&quot;transitionType&quot;:&quot;fade&quot;,&quot;transitionSpeed&quot;:1000,&quot;block&quot;:{&quot;moveEffect&quot;:&quot;none&quot;,&quot;speed&quot;:300},&quot;thumbs&quot;:{&quot;fitInViewport&quot;:false,&quot;firstMargin&quot;:false,&quot;spacing&quot;:4},&quot;controlNavigation&quot;:&quot;none&quot;,&quot;autoplay&quot;:{&quot;enabled&quot;:true,&quot;pauseOnHover&quot;:false,&quot;delay&quot;:3000},&quot;autoScaleSliderWidth&quot;:2048,&quot;autoScaleSliderHeight&quot;:1151}'><\/div><\/div><\/div><div class=\"l-section-h i-cf\"><div class=\"g-cols vc_row via_grid cols_1 laptops-cols_inherit tablets-cols_inherit mobiles-cols_1 valign_top type_default stacking_default\"><div class=\"wpb_column vc_column_container\"><div class=\"vc_column-inner\"><div class=\"g-cols wpb_row via_grid cols_1-3 laptops-cols_inherit tablets-cols_inherit mobiles-cols_1 valign_middle type_default stacking_default\" style=\"--columns-gap:3rem;\"><div class=\"wpb_column vc_column_container\"><div class=\"vc_column-inner\"><div class=\"w-image style_circle align_center\"><div class=\"w-image-h\"><img decoding=\"async\" width=\"300\" height=\"300\" src=\"https:\/\/phi-taal-zijn.eu\/wp-content\/uploads\/2024\/01\/367419063_24090680580578239_8188357622494379158_n-300x300.jpg\" class=\"attachment-medium size-medium\" alt=\"\" loading=\"lazy\" srcset=\"https:\/\/phi-taal-zijn.eu\/wp-content\/uploads\/2024\/01\/367419063_24090680580578239_8188357622494379158_n-300x300.jpg 300w, https:\/\/phi-taal-zijn.eu\/wp-content\/uploads\/2024\/01\/367419063_24090680580578239_8188357622494379158_n-150x150.jpg 150w, https:\/\/phi-taal-zijn.eu\/wp-content\/uploads\/2024\/01\/367419063_24090680580578239_8188357622494379158_n.jpg 319w\" sizes=\"auto, (max-width: 300px) 100vw, 300px\" \/><\/div><\/div><\/div><\/div><div class=\"wpb_column vc_column_container\"><div class=\"vc_column-inner\"><div class=\"w-separator size_custom\" style=\"height:6vh\"><\/div>[vc_custom_heading text=&#8220;\u201eDas Leben mit anderen Augen wahrnehmen\u201c&#8220; font_container=&#8220;tag:h1|text_align:center&#8220; use_theme_fonts=&#8220;yes&#8220; css=&#8220;%7B%22default%22%3A%7B%22color%22%3A%22%23f5f5f5%22%2C%22text-align%22%3A%22center%22%2C%22font-style%22%3A%22italic%22%7D%7D&#8220;]<div class=\"w-separator size_custom\" style=\"height:6vh\"><\/div><\/div><\/div><\/div><\/div><\/div><\/div><\/div><\/section><section class=\"l-section wpb_row height_small\"><div class=\"l-section-h i-cf\"><div class=\"g-cols vc_row via_grid cols_1 laptops-cols_inherit tablets-cols_inherit mobiles-cols_1 valign_top type_default stacking_default\"><div class=\"wpb_column vc_column_container\"><div class=\"vc_column-inner\">[vc_custom_heading text=&#8220;Suchen Sie jemanden, der Sie bei Lebensfragen ein St\u00fcck weit begleitet?&#8220; font_container=&#8220;tag:h6|text_align:left&#8220; use_theme_fonts=&#8220;yes&#8220;]<div class=\"g-cols wpb_row via_grid cols_2 laptops-cols_inherit tablets-cols_inherit mobiles-cols_1 valign_top type_default stacking_default\" style=\"--columns-gap:3rem;\"><div class=\"wpb_column vc_column_container\"><div class=\"vc_column-inner\"><div class=\"wpb_text_column\"><div class=\"wpb_wrapper\"><p data-start=\"0\" data-end=\"37\">Herzlich willkommen bei <strong>Phi-Taal-Zijn<\/strong><\/p>\n<p data-start=\"39\" data-end=\"182\">Ich, <strong>Rosemareine<\/strong>, bin mir bewusst, dass der Name Phi-taal-zijn Fragen aufwirft. Unter dem Tab \u201ePhi-Taal-Zijn\u201c gebe ich dazu mehr Erl\u00e4uterungen.<\/p>\n<p data-start=\"184\" data-end=\"458\">Phi-taal-zijn klingt ein wenig wie vi-taal-zijn. Es ist nicht dasselbe und doch gibt es \u00dcberschneidungen. Bei \u201evital\u201c denkt man meist an eine gute geistige und k\u00f6rperliche Gesundheit, bei der Lebensfreude, Kraft und Energie vorhanden sind \u2013 etwas, das wir uns alle w\u00fcnschen.<\/p>\n<p data-start=\"460\" data-end=\"850\">Das Leben ist nicht immer einfach, und dann kann der Wunsch entstehen, dass jemand mit dir hinschaut. Ein St\u00fcck mit dir mitgeht.<br data-start=\"588\" data-end=\"591\" \/>Ich gehe gern ein St\u00fcck mit dir mit, wenn du das Bed\u00fcrfnis hast, dass jemand mit \u201eanderen Augen und Ohren\u201c auf Lebensfragen schaut, zuh\u00f6rt und hineinf\u00fchlt, an denen Emotionen h\u00e4ngen, die dein Leben und manchmal auch deine Gesundheit stark beeinflussen k\u00f6nnen.<\/p>\n<p data-start=\"852\" data-end=\"1042\" data-is-last-node=\"\" data-is-only-node=\"\">Mit anderen Augen zu schauen bedeutet f\u00fcr mich, dass Wahrnehmen viel umfassender ist, als nur mit unseren Augen zu sehen. Jeder von uns hat die M\u00f6glichkeit, mit \u201eanderen Augen\u201c wahrzunehmen.<\/p>\n<\/div><\/div><\/div><\/div><div class=\"wpb_column vc_column_container\"><div class=\"vc_column-inner\"><div class=\"wpb_text_column\"><div class=\"wpb_wrapper\"><p data-start=\"0\" data-end=\"241\">Im Leben machen wir alle Erfahrungen und erleben Ereignisse, an denen wir lieber vorbeigehen w\u00fcrden. Hast du dir schon einmal bewusst gemacht, dass gerade in diesen Momenten \u201eGeschenke\u201c verpackt sind, die darauf warten, ausgepackt zu werden?<\/p>\n<p data-start=\"243\" data-end=\"548\">Wenn du m\u00f6chtest, kann ich ein St\u00fcck deines Weges mitgehen, um gemeinsam mit dir mit anderen Augen hinzuschauen und hineinzuf\u00fchlen \u2013 in deine Emotionen wie Angst, Traurigkeit, Wut, Ablehnung, das Gef\u00fchl, dass es dir immer wieder passiert, dass es immer an dir liegt, nicht geh\u00f6rt zu werden, und so weiter.<\/p>\n<p data-start=\"550\" data-end=\"840\">Wenn du daf\u00fcr offen bist, k\u00f6nnen bei dir Einsichten entstehen, oder du wirst dir blockierender Denk- und Verhaltensmuster bewusst. Dadurch entsteht Raum, der es dir erm\u00f6glicht, diese Ereignisse mit einem v\u00f6llig anderen Gef\u00fchl zu erleben. Ich nenne das, eine \u201eandere Klangfarbe\u201c zu bekommen.<\/p>\n<p data-start=\"842\" data-end=\"1226\">M\u00f6chtest du die \u201eGeschenke\u201c auspacken, die dir das Leben anbietet und die sich schwer auspacken lassen, dann gehe ich gern eine Zeit lang mit dir mit, um dir \u2013 aus meinen tief durchlebten Lebenslektionen und -erfahrungen heraus \u2013 eine Wegweiserin zu sein: erstens, dein Leben anders wahrzunehmen, und zweitens, dich f\u00fcr positive und liebevolle Ver\u00e4nderungen in deinem Leben zu \u00f6ffnen.<\/p>\n<p data-start=\"1228\" data-end=\"1308\" data-is-last-node=\"\" data-is-only-node=\"\"><strong>Vertrauen und Hingabe sind die gr\u00f6\u00dften Schl\u00fcssel im Lebensprozess. (Rosemareine)<\/strong><\/p>\n<\/div><\/div><\/div><\/div><\/div><\/div><\/div><\/div><\/div><\/section>\n","protected":false},"excerpt":{"rendered":"[vc_custom_heading text=\"\u201eDas Leben mit anderen Augen wahrnehmen\u201c\" font_container=\"tag:h1|text_align:center\" use_theme_fonts=\"yes\" css=\"%7B%22default%22%3A%7B%22color%22%3A%22%23f5f5f5%22%2C%22text-align%22%3A%22center%22%2C%22font-style%22%3A%22italic%22%7D%7D\"][vc_custom_heading text=\"Suchen Sie jemanden, der Sie bei Lebensfragen ein St\u00fcck weit begleitet?\" font_container=\"tag:h6|text_align:left\" use_theme_fonts=\"yes\"]Herzlich willkommen bei Phi-Taal-Zijn Ich, Rosemareine, bin mir bewusst, dass der Name Phi-taal-zijn Fragen aufwirft. Unter dem Tab \u201ePhi-Taal-Zijn\u201c gebe ich dazu mehr Erl\u00e4uterungen. Phi-taal-zijn klingt ein wenig wie vi-taal-zijn. Es ist nicht...","protected":false},"author":1,"featured_media":0,"parent":0,"menu_order":0,"comment_status":"closed","ping_status":"closed","template":"","meta":{"footnotes":""},"class_list":["post-8745","page","type-page","status-publish","hentry"],"_links":{"self":[{"href":"https:\/\/phi-taal-zijn.eu\/de\/wp-json\/wp\/v2\/pages\/8745","targetHints":{"allow":["GET"]}}],"collection":[{"href":"https:\/\/phi-taal-zijn.eu\/de\/wp-json\/wp\/v2\/pages"}],"about":[{"href":"https:\/\/phi-taal-zijn.eu\/de\/wp-json\/wp\/v2\/types\/page"}],"author":[{"embeddable":true,"href":"https:\/\/phi-taal-zijn.eu\/de\/wp-json\/wp\/v2\/users\/1"}],"replies":[{"embeddable":true,"href":"https:\/\/phi-taal-zijn.eu\/de\/wp-json\/wp\/v2\/comments?post=8745"}],"version-history":[{"count":3,"href":"https:\/\/phi-taal-zijn.eu\/de\/wp-json\/wp\/v2\/pages\/8745\/revisions"}],"predecessor-version":[{"id":8801,"href":"https:\/\/phi-taal-zijn.eu\/de\/wp-json\/wp\/v2\/pages\/8745\/revisions\/8801"}],"wp:attachment":[{"href":"https:\/\/phi-taal-zijn.eu\/de\/wp-json\/wp\/v2\/media?parent=8745"}],"curies":[{"name":"wp","href":"https:\/\/api.w.org\/{rel}","templated":true}]}}